{"id":269,"date":"2020-04-18T16:42:30","date_gmt":"2020-04-18T16:42:30","guid":{"rendered":"http:\/\/vaimukad.ee\/mis-on-lihtne-keel\/"},"modified":"2023-09-11T15:47:13","modified_gmt":"2023-09-11T15:47:13","slug":"mis-on-lihtne-keel","status":"publish","type":"page","link":"https:\/\/vaimukad.ee\/en\/mis-on-lihtne-keel\/","title":{"rendered":"Mis on lihtne keel?"},"content":{"rendered":"","protected":false},"excerpt":{"rendered":"<p>Vaimupuue ei ole haigus. Vaimupuue on eelk\u00f5ige inimese intellektuaalsete v\u00f5imete piiratus, mitte aga tema muude iseloomulike oskuste, n\u00e4iteks v\u00f5ime r\u00f5\u00f5mustada v\u00f5i end h\u00e4sti tunda kahjustumine. Vaimupuudega inimesed vajavad pidevat, elukestvat abi ja tuge.<\/p>\n","protected":false},"author":1,"featured_media":0,"parent":0,"menu_order":0,"comment_status":"closed","ping_status":"closed","template":"template_left-image.php","meta":{"footnotes":""},"class_list":["post-269","page","type-page","status-publish","hentry"],"yoast_head":"<!-- This site is optimized with the Yoast SEO plugin v27.3 - https:\/\/yoast.com\/product\/yoast-seo-wordpress\/ -->\n<title>Mis on lihtne keel? - Vaimukad<\/title>\n<meta name=\"robots\" content=\"index, follow, max-snippet:-1, max-image-preview:large, max-video-preview:-1\" \/>\n<link rel=\"canonical\" href=\"https:\/\/vaimukad.ee\/en\/mis-on-lihtne-keel\/\" \/>\n<meta property=\"og:locale\" content=\"en_US\" \/>\n<meta property=\"og:type\" content=\"article\" \/>\n<meta property=\"og:title\" content=\"Mis on lihtne keel? - Vaimukad\" \/>\n<meta property=\"og:description\" content=\"Vaimupuue ei ole haigus. Vaimupuue on eelk\u00f5ige inimese intellektuaalsete v\u00f5imete piiratus, mitte aga tema muude iseloomulike oskuste, n\u00e4iteks v\u00f5ime r\u00f5\u00f5mustada v\u00f5i end h\u00e4sti tunda kahjustumine. Vaimupuudega inimesed vajavad pidevat, elukestvat abi ja tuge.\" \/>\n<meta property=\"og:url\" content=\"https:\/\/vaimukad.ee\/en\/mis-on-lihtne-keel\/\" \/>\n<meta property=\"og:site_name\" content=\"Vaimukad\" \/>\n<meta property=\"article:modified_time\" content=\"2023-09-11T15:47:13+00:00\" \/>\n<meta name=\"twitter:card\" content=\"summary_large_image\" \/>\n<script type=\"application\/ld+json\" class=\"yoast-schema-graph\">{\"@context\":\"https:\\\/\\\/schema.org\",\"@graph\":[{\"@type\":\"WebPage\",\"@id\":\"https:\\\/\\\/vaimukad.ee\\\/en\\\/mis-on-lihtne-keel\\\/\",\"url\":\"https:\\\/\\\/vaimukad.ee\\\/en\\\/mis-on-lihtne-keel\\\/\",\"name\":\"Mis on lihtne keel? - Vaimukad\",\"isPartOf\":{\"@id\":\"https:\\\/\\\/vaimukad.ee\\\/#website\"},\"datePublished\":\"2020-04-18T16:42:30+00:00\",\"dateModified\":\"2023-09-11T15:47:13+00:00\",\"breadcrumb\":{\"@id\":\"https:\\\/\\\/vaimukad.ee\\\/en\\\/mis-on-lihtne-keel\\\/#breadcrumb\"},\"inLanguage\":\"en-US\",\"potentialAction\":[{\"@type\":\"ReadAction\",\"target\":[\"https:\\\/\\\/vaimukad.ee\\\/en\\\/mis-on-lihtne-keel\\\/\"]}]},{\"@type\":\"BreadcrumbList\",\"@id\":\"https:\\\/\\\/vaimukad.ee\\\/en\\\/mis-on-lihtne-keel\\\/#breadcrumb\",\"itemListElement\":[{\"@type\":\"ListItem\",\"position\":1,\"name\":\"Avaleht\",\"item\":\"https:\\\/\\\/vaimukad.ee\\\/en\\\/\"},{\"@type\":\"ListItem\",\"position\":2,\"name\":\"Mis on lihtne keel?\"}]},{\"@type\":\"WebSite\",\"@id\":\"https:\\\/\\\/vaimukad.ee\\\/#website\",\"url\":\"https:\\\/\\\/vaimukad.ee\\\/\",\"name\":\"Vaimukad - Eesti Vaimupuudega Inimeste Tugiliit\",\"description\":\"Koos olles oleme tugevad!\",\"publisher\":{\"@id\":\"https:\\\/\\\/vaimukad.ee\\\/#organization\"},\"potentialAction\":[{\"@type\":\"SearchAction\",\"target\":{\"@type\":\"EntryPoint\",\"urlTemplate\":\"https:\\\/\\\/vaimukad.ee\\\/?s={search_term_string}\"},\"query-input\":{\"@type\":\"PropertyValueSpecification\",\"valueRequired\":true,\"valueName\":\"search_term_string\"}}],\"inLanguage\":\"en-US\"},{\"@type\":\"Organization\",\"@id\":\"https:\\\/\\\/vaimukad.ee\\\/#organization\",\"name\":\"Vaimukad - Eesti Vaimupuudega Inimeste Tugiliit\",\"url\":\"https:\\\/\\\/vaimukad.ee\\\/\",\"logo\":{\"@type\":\"ImageObject\",\"inLanguage\":\"en-US\",\"@id\":\"https:\\\/\\\/vaimukad.ee\\\/#\\\/schema\\\/logo\\\/image\\\/\",\"url\":\"https:\\\/\\\/vaimukad.ee\\\/wp-content\\\/uploads\\\/2023\\\/01\\\/Vaimukad-cropped.svg\",\"contentUrl\":\"https:\\\/\\\/vaimukad.ee\\\/wp-content\\\/uploads\\\/2023\\\/01\\\/Vaimukad-cropped.svg\",\"width\":575,\"height\":180,\"caption\":\"Vaimukad - Eesti Vaimupuudega Inimeste Tugiliit\"},\"image\":{\"@id\":\"https:\\\/\\\/vaimukad.ee\\\/#\\\/schema\\\/logo\\\/image\\\/\"}}]}<\/script>\n<!-- \/ Yoast SEO plugin. -->","yoast_head_json":{"title":"Mis on lihtne keel? - Vaimukad","robots":{"index":"index","follow":"follow","max-snippet":"max-snippet:-1","max-image-preview":"max-image-preview:large","max-video-preview":"max-video-preview:-1"},"canonical":"https:\/\/vaimukad.ee\/en\/mis-on-lihtne-keel\/","og_locale":"en_US","og_type":"article","og_title":"Mis on lihtne keel? - Vaimukad","og_description":"Vaimupuue ei ole haigus. Vaimupuue on eelk\u00f5ige inimese intellektuaalsete v\u00f5imete piiratus, mitte aga tema muude iseloomulike oskuste, n\u00e4iteks v\u00f5ime r\u00f5\u00f5mustada v\u00f5i end h\u00e4sti tunda kahjustumine. Vaimupuudega inimesed vajavad pidevat, elukestvat abi ja tuge.","og_url":"https:\/\/vaimukad.ee\/en\/mis-on-lihtne-keel\/","og_site_name":"Vaimukad","article_modified_time":"2023-09-11T15:47:13+00:00","twitter_card":"summary_large_image","schema":{"@context":"https:\/\/schema.org","@graph":[{"@type":"WebPage","@id":"https:\/\/vaimukad.ee\/en\/mis-on-lihtne-keel\/","url":"https:\/\/vaimukad.ee\/en\/mis-on-lihtne-keel\/","name":"Mis on lihtne keel? - Vaimukad","isPartOf":{"@id":"https:\/\/vaimukad.ee\/#website"},"datePublished":"2020-04-18T16:42:30+00:00","dateModified":"2023-09-11T15:47:13+00:00","breadcrumb":{"@id":"https:\/\/vaimukad.ee\/en\/mis-on-lihtne-keel\/#breadcrumb"},"inLanguage":"en-US","potentialAction":[{"@type":"ReadAction","target":["https:\/\/vaimukad.ee\/en\/mis-on-lihtne-keel\/"]}]},{"@type":"BreadcrumbList","@id":"https:\/\/vaimukad.ee\/en\/mis-on-lihtne-keel\/#breadcrumb","itemListElement":[{"@type":"ListItem","position":1,"name":"Avaleht","item":"https:\/\/vaimukad.ee\/en\/"},{"@type":"ListItem","position":2,"name":"Mis on lihtne keel?"}]},{"@type":"WebSite","@id":"https:\/\/vaimukad.ee\/#website","url":"https:\/\/vaimukad.ee\/","name":"Vaimukad - Eesti Vaimupuudega Inimeste Tugiliit","description":"Koos olles oleme tugevad!","publisher":{"@id":"https:\/\/vaimukad.ee\/#organization"},"potentialAction":[{"@type":"SearchAction","target":{"@type":"EntryPoint","urlTemplate":"https:\/\/vaimukad.ee\/?s={search_term_string}"},"query-input":{"@type":"PropertyValueSpecification","valueRequired":true,"valueName":"search_term_string"}}],"inLanguage":"en-US"},{"@type":"Organization","@id":"https:\/\/vaimukad.ee\/#organization","name":"Vaimukad - Eesti Vaimupuudega Inimeste Tugiliit","url":"https:\/\/vaimukad.ee\/","logo":{"@type":"ImageObject","inLanguage":"en-US","@id":"https:\/\/vaimukad.ee\/#\/schema\/logo\/image\/","url":"https:\/\/vaimukad.ee\/wp-content\/uploads\/2023\/01\/Vaimukad-cropped.svg","contentUrl":"https:\/\/vaimukad.ee\/wp-content\/uploads\/2023\/01\/Vaimukad-cropped.svg","width":575,"height":180,"caption":"Vaimukad - Eesti Vaimupuudega Inimeste Tugiliit"},"image":{"@id":"https:\/\/vaimukad.ee\/#\/schema\/logo\/image\/"}}]}},"_links":{"self":[{"href":"https:\/\/vaimukad.ee\/en\/wp-json\/wp\/v2\/pages\/269","targetHints":{"allow":["GET"]}}],"collection":[{"href":"https:\/\/vaimukad.ee\/en\/wp-json\/wp\/v2\/pages"}],"about":[{"href":"https:\/\/vaimukad.ee\/en\/wp-json\/wp\/v2\/types\/page"}],"author":[{"embeddable":true,"href":"https:\/\/vaimukad.ee\/en\/wp-json\/wp\/v2\/users\/1"}],"replies":[{"embeddable":true,"href":"https:\/\/vaimukad.ee\/en\/wp-json\/wp\/v2\/comments?post=269"}],"version-history":[{"count":12,"href":"https:\/\/vaimukad.ee\/en\/wp-json\/wp\/v2\/pages\/269\/revisions"}],"predecessor-version":[{"id":1125,"href":"https:\/\/vaimukad.ee\/en\/wp-json\/wp\/v2\/pages\/269\/revisions\/1125"}],"wp:attachment":[{"href":"https:\/\/vaimukad.ee\/en\/wp-json\/wp\/v2\/media?parent=269"}],"curies":[{"name":"wp","href":"https:\/\/api.w.org\/{rel}","templated":true}]}}